{"id":632,"date":"2021-05-19T14:59:45","date_gmt":"2021-05-19T14:59:45","guid":{"rendered":"https:\/\/instalacanalones.com\/?post_type=product&#038;p=632"},"modified":"2021-05-19T16:41:11","modified_gmt":"2021-05-19T16:41:11","slug":"anfora-antique","status":"publish","type":"product","link":"https:\/\/instalacanalones.com\/en\/producto\/anfora-antique\/","title":{"rendered":"Anfora Antique"},"content":{"rendered":"<h3>Deposito Decorativo Anfora Antique Terracota<\/h3>\n<ul>\n<li>\u00c1nfora con parecido antiguo fabricada en pl\u00e1stico<\/li>\n<li>Dep\u00f3sito de agua de lluvia con macetero integrado<\/li>\n<li>Rosca de \u00be\u201d para la instalaci\u00f3n f\u00e1cil del grifo<\/li>\n<li>Cada \u00e1nfora es \u00fanica debido a su t\u00e9cnica de la fabricaci\u00f3n<\/li>\n<li>El dep\u00f3sito incluye:\u00a0Macetero integrado,\u00a0dispositivo de seguridad contra el viento, salida de agua<\/li>\n<\/ul>\n","protected":false},"excerpt":{"rendered":"<p>Deposito Decorativo Anfora Antique Terracota \u00c1nfora con parecido antiguo fabricada en pl\u00e1stico Dep\u00f3sito de agua de lluvia con macetero integrado Rosca de \u00be\u201d para la instalaci\u00f3n f\u00e1cil del grifo Cada \u00e1nfora es \u00fanica debido a su t\u00e9cnica de la fabricaci\u00f3n El dep\u00f3sito incluye:\u00a0Macetero integrado,\u00a0dispositivo de seguridad contra el viento, salida de agua<\/p>\n","protected":false},"featured_media":634,"comment_status":"open","ping_status":"closed","template":"","meta":{"_joinchat":[]},"product_cat":[19],"product_tag":[],"class_list":{"0":"post-632","1":"product","2":"type-product","3":"status-publish","4":"has-post-thumbnail","6":"product_cat-depositos-decorativos","8":"first","9":"instock","10":"shipping-taxable","11":"product-type-simple"},"yoast_head":"<!-- This site is optimized with the Yoast SEO plugin v27.5 - https:\/\/yoast.com\/product\/yoast-seo-wordpress\/ -->\n<title>Anfora Antique - Instala Canalones<\/title>\n<meta name=\"robots\" content=\"index, follow, max-snippet:-1, max-image-preview:large, max-video-preview:-1\" \/>\n<link rel=\"canonical\" href=\"https:\/\/instalacanalones.com\/en\/producto\/anfora-antique\/\" \/>\n<meta property=\"og:locale\" content=\"en_US\" \/>\n<meta property=\"og:type\" content=\"article\" \/>\n<meta property=\"og:title\" content=\"Anfora Antique - Instala Canalones\" \/>\n<meta property=\"og:description\" content=\"Deposito Decorativo Anfora Antique Terracota \u00c1nfora con parecido antiguo fabricada en pl\u00e1stico Dep\u00f3sito de agua de lluvia con macetero integrado Rosca de \u00be\u201d para la instalaci\u00f3n f\u00e1cil del grifo Cada \u00e1nfora es \u00fanica debido a su t\u00e9cnica de la fabricaci\u00f3n El dep\u00f3sito incluye:\u00a0Macetero integrado,\u00a0dispositivo de seguridad contra el viento, salida de agua\" \/>\n<meta property=\"og:url\" content=\"https:\/\/instalacanalones.com\/en\/producto\/anfora-antique\/\" \/>\n<meta property=\"og:site_name\" content=\"Instala Canalones\" \/>\n<meta property=\"article:modified_time\" content=\"2021-05-19T16:41:11+00:00\" \/>\n<meta property=\"og:image\" content=\"https:\/\/instalacanalones.com\/wp-content\/uploads\/2021\/05\/anfora-antique.png\" \/>\n\t<meta property=\"og:image:width\" content=\"1380\" \/>\n\t<meta property=\"og:image:height\" content=\"720\" \/>\n\t<meta property=\"og:image:type\" content=\"image\/png\" \/>\n<meta name=\"twitter:card\" content=\"summary_large_image\" \/>\n<meta name=\"twitter:label1\" content=\"Est. reading time\" \/>\n\t<meta name=\"twitter:data1\" content=\"1 minute\" \/>\n<script type=\"application\/ld+json\" class=\"yoast-schema-graph\">{\"@context\":\"https:\\\/\\\/schema.org\",\"@graph\":[{\"@type\":\"WebPage\",\"@id\":\"https:\\\/\\\/instalacanalones.com\\\/en\\\/producto\\\/anfora-antique\\\/\",\"url\":\"https:\\\/\\\/instalacanalones.com\\\/en\\\/producto\\\/anfora-antique\\\/\",\"name\":\"Anfora Antique - Instala Canalones\",\"isPartOf\":{\"@id\":\"https:\\\/\\\/instalacanalones.com\\\/#website\"},\"primaryImageOfPage\":{\"@id\":\"https:\\\/\\\/instalacanalones.com\\\/en\\\/producto\\\/anfora-antique\\\/#primaryimage\"},\"image\":{\"@id\":\"https:\\\/\\\/instalacanalones.com\\\/en\\\/producto\\\/anfora-antique\\\/#primaryimage\"},\"thumbnailUrl\":\"https:\\\/\\\/instalacanalones.com\\\/wp-content\\\/uploads\\\/2021\\\/05\\\/anfora-antique.png\",\"datePublished\":\"2021-05-19T14:59:45+00:00\",\"dateModified\":\"2021-05-19T16:41:11+00:00\",\"breadcrumb\":{\"@id\":\"https:\\\/\\\/instalacanalones.com\\\/en\\\/producto\\\/anfora-antique\\\/#breadcrumb\"},\"inLanguage\":\"en-US\",\"potentialAction\":[{\"@type\":\"ReadAction\",\"target\":[\"https:\\\/\\\/instalacanalones.com\\\/en\\\/producto\\\/anfora-antique\\\/\"]}]},{\"@type\":\"ImageObject\",\"inLanguage\":\"en-US\",\"@id\":\"https:\\\/\\\/instalacanalones.com\\\/en\\\/producto\\\/anfora-antique\\\/#primaryimage\",\"url\":\"https:\\\/\\\/instalacanalones.com\\\/wp-content\\\/uploads\\\/2021\\\/05\\\/anfora-antique.png\",\"contentUrl\":\"https:\\\/\\\/instalacanalones.com\\\/wp-content\\\/uploads\\\/2021\\\/05\\\/anfora-antique.png\",\"width\":1380,\"height\":720},{\"@type\":\"BreadcrumbList\",\"@id\":\"https:\\\/\\\/instalacanalones.com\\\/en\\\/producto\\\/anfora-antique\\\/#breadcrumb\",\"itemListElement\":[{\"@type\":\"ListItem\",\"position\":1,\"name\":\"Portada\",\"item\":\"https:\\\/\\\/instalacanalones.com\\\/en\\\/\"},{\"@type\":\"ListItem\",\"position\":2,\"name\":\"Tienda\",\"item\":\"https:\\\/\\\/instalacanalones.com\\\/es\\\/tienda\\\/\"},{\"@type\":\"ListItem\",\"position\":3,\"name\":\"Anfora Antique\"}]},{\"@type\":\"WebSite\",\"@id\":\"https:\\\/\\\/instalacanalones.com\\\/#website\",\"url\":\"https:\\\/\\\/instalacanalones.com\\\/\",\"name\":\"Instala Canalones\",\"description\":\"Canalon de Aluminio continuo sin juntas\",\"publisher\":{\"@id\":\"https:\\\/\\\/instalacanalones.com\\\/#organization\"},\"potentialAction\":[{\"@type\":\"SearchAction\",\"target\":{\"@type\":\"EntryPoint\",\"urlTemplate\":\"https:\\\/\\\/instalacanalones.com\\\/?s={search_term_string}\"},\"query-input\":{\"@type\":\"PropertyValueSpecification\",\"valueRequired\":true,\"valueName\":\"search_term_string\"}}],\"inLanguage\":\"en-US\"},{\"@type\":\"Organization\",\"@id\":\"https:\\\/\\\/instalacanalones.com\\\/#organization\",\"name\":\"Instala Canalones\",\"url\":\"https:\\\/\\\/instalacanalones.com\\\/\",\"logo\":{\"@type\":\"ImageObject\",\"inLanguage\":\"en-US\",\"@id\":\"https:\\\/\\\/instalacanalones.com\\\/#\\\/schema\\\/logo\\\/image\\\/\",\"url\":\"https:\\\/\\\/instalacanalones.com\\\/wp-content\\\/uploads\\\/2021\\\/05\\\/cropped-logo-web-instala-canalones.jpg\",\"contentUrl\":\"https:\\\/\\\/instalacanalones.com\\\/wp-content\\\/uploads\\\/2021\\\/05\\\/cropped-logo-web-instala-canalones.jpg\",\"width\":253,\"height\":202,\"caption\":\"Instala Canalones\"},\"image\":{\"@id\":\"https:\\\/\\\/instalacanalones.com\\\/#\\\/schema\\\/logo\\\/image\\\/\"}}]}<\/script>\n<!-- \/ Yoast SEO plugin. -->","yoast_head_json":{"title":"Anfora Antique - Instala Canalones","robots":{"index":"index","follow":"follow","max-snippet":"max-snippet:-1","max-image-preview":"max-image-preview:large","max-video-preview":"max-video-preview:-1"},"canonical":"https:\/\/instalacanalones.com\/en\/producto\/anfora-antique\/","og_locale":"en_US","og_type":"article","og_title":"Anfora Antique - Instala Canalones","og_description":"Deposito Decorativo Anfora Antique Terracota \u00c1nfora con parecido antiguo fabricada en pl\u00e1stico Dep\u00f3sito de agua de lluvia con macetero integrado Rosca de \u00be\u201d para la instalaci\u00f3n f\u00e1cil del grifo Cada \u00e1nfora es \u00fanica debido a su t\u00e9cnica de la fabricaci\u00f3n El dep\u00f3sito incluye:\u00a0Macetero integrado,\u00a0dispositivo de seguridad contra el viento, salida de agua","og_url":"https:\/\/instalacanalones.com\/en\/producto\/anfora-antique\/","og_site_name":"Instala Canalones","article_modified_time":"2021-05-19T16:41:11+00:00","og_image":[{"width":1380,"height":720,"url":"https:\/\/instalacanalones.com\/wp-content\/uploads\/2021\/05\/anfora-antique.png","type":"image\/png"}],"twitter_card":"summary_large_image","twitter_misc":{"Est. reading time":"1 minute"},"schema":{"@context":"https:\/\/schema.org","@graph":[{"@type":"WebPage","@id":"https:\/\/instalacanalones.com\/en\/producto\/anfora-antique\/","url":"https:\/\/instalacanalones.com\/en\/producto\/anfora-antique\/","name":"Anfora Antique - Instala Canalones","isPartOf":{"@id":"https:\/\/instalacanalones.com\/#website"},"primaryImageOfPage":{"@id":"https:\/\/instalacanalones.com\/en\/producto\/anfora-antique\/#primaryimage"},"image":{"@id":"https:\/\/instalacanalones.com\/en\/producto\/anfora-antique\/#primaryimage"},"thumbnailUrl":"https:\/\/instalacanalones.com\/wp-content\/uploads\/2021\/05\/anfora-antique.png","datePublished":"2021-05-19T14:59:45+00:00","dateModified":"2021-05-19T16:41:11+00:00","breadcrumb":{"@id":"https:\/\/instalacanalones.com\/en\/producto\/anfora-antique\/#breadcrumb"},"inLanguage":"en-US","potentialAction":[{"@type":"ReadAction","target":["https:\/\/instalacanalones.com\/en\/producto\/anfora-antique\/"]}]},{"@type":"ImageObject","inLanguage":"en-US","@id":"https:\/\/instalacanalones.com\/en\/producto\/anfora-antique\/#primaryimage","url":"https:\/\/instalacanalones.com\/wp-content\/uploads\/2021\/05\/anfora-antique.png","contentUrl":"https:\/\/instalacanalones.com\/wp-content\/uploads\/2021\/05\/anfora-antique.png","width":1380,"height":720},{"@type":"BreadcrumbList","@id":"https:\/\/instalacanalones.com\/en\/producto\/anfora-antique\/#breadcrumb","itemListElement":[{"@type":"ListItem","position":1,"name":"Portada","item":"https:\/\/instalacanalones.com\/en\/"},{"@type":"ListItem","position":2,"name":"Tienda","item":"https:\/\/instalacanalones.com\/es\/tienda\/"},{"@type":"ListItem","position":3,"name":"Anfora Antique"}]},{"@type":"WebSite","@id":"https:\/\/instalacanalones.com\/#website","url":"https:\/\/instalacanalones.com\/","name":"Instala Canalones","description":"Canalon de Aluminio continuo sin juntas","publisher":{"@id":"https:\/\/instalacanalones.com\/#organization"},"potentialAction":[{"@type":"SearchAction","target":{"@type":"EntryPoint","urlTemplate":"https:\/\/instalacanalones.com\/?s={search_term_string}"},"query-input":{"@type":"PropertyValueSpecification","valueRequired":true,"valueName":"search_term_string"}}],"inLanguage":"en-US"},{"@type":"Organization","@id":"https:\/\/instalacanalones.com\/#organization","name":"Instala Canalones","url":"https:\/\/instalacanalones.com\/","logo":{"@type":"ImageObject","inLanguage":"en-US","@id":"https:\/\/instalacanalones.com\/#\/schema\/logo\/image\/","url":"https:\/\/instalacanalones.com\/wp-content\/uploads\/2021\/05\/cropped-logo-web-instala-canalones.jpg","contentUrl":"https:\/\/instalacanalones.com\/wp-content\/uploads\/2021\/05\/cropped-logo-web-instala-canalones.jpg","width":253,"height":202,"caption":"Instala Canalones"},"image":{"@id":"https:\/\/instalacanalones.com\/#\/schema\/logo\/image\/"}}]}},"_links":{"self":[{"href":"https:\/\/instalacanalones.com\/en\/wp-json\/wp\/v2\/product\/632","targetHints":{"allow":["GET"]}}],"collection":[{"href":"https:\/\/instalacanalones.com\/en\/wp-json\/wp\/v2\/product"}],"about":[{"href":"https:\/\/instalacanalones.com\/en\/wp-json\/wp\/v2\/types\/product"}],"replies":[{"embeddable":true,"href":"https:\/\/instalacanalones.com\/en\/wp-json\/wp\/v2\/comments?post=632"}],"wp:featuredmedia":[{"embeddable":true,"href":"https:\/\/instalacanalones.com\/en\/wp-json\/wp\/v2\/media\/634"}],"wp:attachment":[{"href":"https:\/\/instalacanalones.com\/en\/wp-json\/wp\/v2\/media?parent=632"}],"wp:term":[{"taxonomy":"product_cat","embeddable":true,"href":"https:\/\/instalacanalones.com\/en\/wp-json\/wp\/v2\/product_cat?post=632"},{"taxonomy":"product_tag","embeddable":true,"href":"https:\/\/instalacanalones.com\/en\/wp-json\/wp\/v2\/product_tag?post=632"}],"curies":[{"name":"wp","href":"https:\/\/api.w.org\/{rel}","templated":true}]}}