{"id":658,"date":"2021-05-19T15:58:19","date_gmt":"2021-05-19T15:58:19","guid":{"rendered":"https:\/\/instalacanalones.com\/?post_type=product&#038;p=658"},"modified":"2024-08-09T18:53:06","modified_gmt":"2024-08-09T18:53:06","slug":"deposito-de-pared-woody","status":"publish","type":"product","link":"https:\/\/instalacanalones.com\/en\/producto\/deposito-de-pared-woody\/","title":{"rendered":"Deposito de Pared Woody Oscuro"},"content":{"rendered":"","protected":false},"excerpt":{"rendered":"<h3>Dep\u00f3sito de pared Woody oscuro<\/h3>\n<ul>\n<li>Dep\u00f3sitos fabricados en polietileno con un acabado parecido a la madera r\u00fastica<\/li>\n<li>Cada WOODY es \u00fanico debido a su t\u00e9cnica de la fabricaci\u00f3n<\/li>\n<li>Con 2 roscas de \u00be\u201d para la instalaci\u00f3n f\u00e1cil del grifo y\u00a0vaciar el dep\u00f3sito<\/li>\n<li>El dep\u00f3sito incluye: dispositivo de seguridad contra el viento,\u00a0salida de agua<\/li>\n<\/ul>\n","protected":false},"featured_media":667,"comment_status":"open","ping_status":"closed","template":"","meta":{"_joinchat":[]},"product_cat":[19],"product_tag":[],"class_list":{"0":"post-658","1":"product","2":"type-product","3":"status-publish","4":"has-post-thumbnail","6":"product_cat-depositos-decorativos","8":"first","9":"instock","10":"shipping-taxable","11":"product-type-simple"},"yoast_head":"<!-- This site is optimized with the Yoast SEO plugin v27.5 - https:\/\/yoast.com\/product\/yoast-seo-wordpress\/ -->\n<title>Deposito de Pared Woody Oscuro<\/title>\n<meta name=\"description\" content=\"Dep\u00f3sitos fabricados en polietileno con un acabado parecido a la madera r\u00fastica con capacidad de 350 litros.\" \/>\n<meta name=\"robots\" content=\"index, follow, max-snippet:-1, max-image-preview:large, max-video-preview:-1\" \/>\n<link rel=\"canonical\" href=\"https:\/\/instalacanalones.com\/en\/producto\/deposito-de-pared-woody\/\" \/>\n<meta property=\"og:locale\" content=\"en_US\" \/>\n<meta property=\"og:type\" content=\"article\" \/>\n<meta property=\"og:title\" content=\"Deposito de Pared Woody Oscuro\" \/>\n<meta property=\"og:description\" content=\"Dep\u00f3sitos fabricados en polietileno con un acabado parecido a la madera r\u00fastica con capacidad de 350 litros.\" \/>\n<meta property=\"og:url\" content=\"https:\/\/instalacanalones.com\/en\/producto\/deposito-de-pared-woody\/\" \/>\n<meta property=\"og:site_name\" content=\"Instala Canalones\" \/>\n<meta property=\"article:modified_time\" content=\"2024-08-09T18:53:06+00:00\" \/>\n<meta property=\"og:image\" content=\"https:\/\/instalacanalones.com\/wp-content\/uploads\/2021\/05\/deposito-pared-woody.jpg\" \/>\n\t<meta property=\"og:image:width\" content=\"1159\" \/>\n\t<meta property=\"og:image:height\" content=\"937\" \/>\n\t<meta property=\"og:image:type\" content=\"image\/jpeg\" \/>\n<meta name=\"twitter:card\" content=\"summary_large_image\" \/>\n<script type=\"application\/ld+json\" class=\"yoast-schema-graph\">{\"@context\":\"https:\\\/\\\/schema.org\",\"@graph\":[{\"@type\":\"WebPage\",\"@id\":\"https:\\\/\\\/instalacanalones.com\\\/en\\\/producto\\\/deposito-de-pared-woody\\\/\",\"url\":\"https:\\\/\\\/instalacanalones.com\\\/en\\\/producto\\\/deposito-de-pared-woody\\\/\",\"name\":\"Deposito de Pared Woody Oscuro\",\"isPartOf\":{\"@id\":\"https:\\\/\\\/instalacanalones.com\\\/#website\"},\"primaryImageOfPage\":{\"@id\":\"https:\\\/\\\/instalacanalones.com\\\/en\\\/producto\\\/deposito-de-pared-woody\\\/#primaryimage\"},\"image\":{\"@id\":\"https:\\\/\\\/instalacanalones.com\\\/en\\\/producto\\\/deposito-de-pared-woody\\\/#primaryimage\"},\"thumbnailUrl\":\"https:\\\/\\\/instalacanalones.com\\\/wp-content\\\/uploads\\\/2021\\\/05\\\/deposito-pared-woody.jpg\",\"datePublished\":\"2021-05-19T15:58:19+00:00\",\"dateModified\":\"2024-08-09T18:53:06+00:00\",\"description\":\"Dep\u00f3sitos fabricados en polietileno con un acabado parecido a la madera r\u00fastica con capacidad de 350 litros.\",\"breadcrumb\":{\"@id\":\"https:\\\/\\\/instalacanalones.com\\\/en\\\/producto\\\/deposito-de-pared-woody\\\/#breadcrumb\"},\"inLanguage\":\"en-US\",\"potentialAction\":[{\"@type\":\"ReadAction\",\"target\":[\"https:\\\/\\\/instalacanalones.com\\\/en\\\/producto\\\/deposito-de-pared-woody\\\/\"]}]},{\"@type\":\"ImageObject\",\"inLanguage\":\"en-US\",\"@id\":\"https:\\\/\\\/instalacanalones.com\\\/en\\\/producto\\\/deposito-de-pared-woody\\\/#primaryimage\",\"url\":\"https:\\\/\\\/instalacanalones.com\\\/wp-content\\\/uploads\\\/2021\\\/05\\\/deposito-pared-woody.jpg\",\"contentUrl\":\"https:\\\/\\\/instalacanalones.com\\\/wp-content\\\/uploads\\\/2021\\\/05\\\/deposito-pared-woody.jpg\",\"width\":1159,\"height\":937},{\"@type\":\"BreadcrumbList\",\"@id\":\"https:\\\/\\\/instalacanalones.com\\\/en\\\/producto\\\/deposito-de-pared-woody\\\/#breadcrumb\",\"itemListElement\":[{\"@type\":\"ListItem\",\"position\":1,\"name\":\"Portada\",\"item\":\"https:\\\/\\\/instalacanalones.com\\\/en\\\/\"},{\"@type\":\"ListItem\",\"position\":2,\"name\":\"Tienda\",\"item\":\"https:\\\/\\\/instalacanalones.com\\\/es\\\/tienda\\\/\"},{\"@type\":\"ListItem\",\"position\":3,\"name\":\"Deposito de Pared Woody Oscuro\"}]},{\"@type\":\"WebSite\",\"@id\":\"https:\\\/\\\/instalacanalones.com\\\/#website\",\"url\":\"https:\\\/\\\/instalacanalones.com\\\/\",\"name\":\"Instala Canalones\",\"description\":\"Canalon de Aluminio continuo sin juntas\",\"publisher\":{\"@id\":\"https:\\\/\\\/instalacanalones.com\\\/#organization\"},\"potentialAction\":[{\"@type\":\"SearchAction\",\"target\":{\"@type\":\"EntryPoint\",\"urlTemplate\":\"https:\\\/\\\/instalacanalones.com\\\/?s={search_term_string}\"},\"query-input\":{\"@type\":\"PropertyValueSpecification\",\"valueRequired\":true,\"valueName\":\"search_term_string\"}}],\"inLanguage\":\"en-US\"},{\"@type\":\"Organization\",\"@id\":\"https:\\\/\\\/instalacanalones.com\\\/#organization\",\"name\":\"Instala Canalones\",\"url\":\"https:\\\/\\\/instalacanalones.com\\\/\",\"logo\":{\"@type\":\"ImageObject\",\"inLanguage\":\"en-US\",\"@id\":\"https:\\\/\\\/instalacanalones.com\\\/#\\\/schema\\\/logo\\\/image\\\/\",\"url\":\"https:\\\/\\\/instalacanalones.com\\\/wp-content\\\/uploads\\\/2021\\\/05\\\/cropped-logo-web-instala-canalones.jpg\",\"contentUrl\":\"https:\\\/\\\/instalacanalones.com\\\/wp-content\\\/uploads\\\/2021\\\/05\\\/cropped-logo-web-instala-canalones.jpg\",\"width\":253,\"height\":202,\"caption\":\"Instala Canalones\"},\"image\":{\"@id\":\"https:\\\/\\\/instalacanalones.com\\\/#\\\/schema\\\/logo\\\/image\\\/\"}}]}<\/script>\n<!-- \/ Yoast SEO plugin. -->","yoast_head_json":{"title":"Deposito de Pared Woody Oscuro","description":"Dep\u00f3sitos fabricados en polietileno con un acabado parecido a la madera r\u00fastica con capacidad de 350 litros.","robots":{"index":"index","follow":"follow","max-snippet":"max-snippet:-1","max-image-preview":"max-image-preview:large","max-video-preview":"max-video-preview:-1"},"canonical":"https:\/\/instalacanalones.com\/en\/producto\/deposito-de-pared-woody\/","og_locale":"en_US","og_type":"article","og_title":"Deposito de Pared Woody Oscuro","og_description":"Dep\u00f3sitos fabricados en polietileno con un acabado parecido a la madera r\u00fastica con capacidad de 350 litros.","og_url":"https:\/\/instalacanalones.com\/en\/producto\/deposito-de-pared-woody\/","og_site_name":"Instala Canalones","article_modified_time":"2024-08-09T18:53:06+00:00","og_image":[{"width":1159,"height":937,"url":"https:\/\/instalacanalones.com\/wp-content\/uploads\/2021\/05\/deposito-pared-woody.jpg","type":"image\/jpeg"}],"twitter_card":"summary_large_image","schema":{"@context":"https:\/\/schema.org","@graph":[{"@type":"WebPage","@id":"https:\/\/instalacanalones.com\/en\/producto\/deposito-de-pared-woody\/","url":"https:\/\/instalacanalones.com\/en\/producto\/deposito-de-pared-woody\/","name":"Deposito de Pared Woody Oscuro","isPartOf":{"@id":"https:\/\/instalacanalones.com\/#website"},"primaryImageOfPage":{"@id":"https:\/\/instalacanalones.com\/en\/producto\/deposito-de-pared-woody\/#primaryimage"},"image":{"@id":"https:\/\/instalacanalones.com\/en\/producto\/deposito-de-pared-woody\/#primaryimage"},"thumbnailUrl":"https:\/\/instalacanalones.com\/wp-content\/uploads\/2021\/05\/deposito-pared-woody.jpg","datePublished":"2021-05-19T15:58:19+00:00","dateModified":"2024-08-09T18:53:06+00:00","description":"Dep\u00f3sitos fabricados en polietileno con un acabado parecido a la madera r\u00fastica con capacidad de 350 litros.","breadcrumb":{"@id":"https:\/\/instalacanalones.com\/en\/producto\/deposito-de-pared-woody\/#breadcrumb"},"inLanguage":"en-US","potentialAction":[{"@type":"ReadAction","target":["https:\/\/instalacanalones.com\/en\/producto\/deposito-de-pared-woody\/"]}]},{"@type":"ImageObject","inLanguage":"en-US","@id":"https:\/\/instalacanalones.com\/en\/producto\/deposito-de-pared-woody\/#primaryimage","url":"https:\/\/instalacanalones.com\/wp-content\/uploads\/2021\/05\/deposito-pared-woody.jpg","contentUrl":"https:\/\/instalacanalones.com\/wp-content\/uploads\/2021\/05\/deposito-pared-woody.jpg","width":1159,"height":937},{"@type":"BreadcrumbList","@id":"https:\/\/instalacanalones.com\/en\/producto\/deposito-de-pared-woody\/#breadcrumb","itemListElement":[{"@type":"ListItem","position":1,"name":"Portada","item":"https:\/\/instalacanalones.com\/en\/"},{"@type":"ListItem","position":2,"name":"Tienda","item":"https:\/\/instalacanalones.com\/es\/tienda\/"},{"@type":"ListItem","position":3,"name":"Deposito de Pared Woody Oscuro"}]},{"@type":"WebSite","@id":"https:\/\/instalacanalones.com\/#website","url":"https:\/\/instalacanalones.com\/","name":"Instala Canalones","description":"Canalon de Aluminio continuo sin juntas","publisher":{"@id":"https:\/\/instalacanalones.com\/#organization"},"potentialAction":[{"@type":"SearchAction","target":{"@type":"EntryPoint","urlTemplate":"https:\/\/instalacanalones.com\/?s={search_term_string}"},"query-input":{"@type":"PropertyValueSpecification","valueRequired":true,"valueName":"search_term_string"}}],"inLanguage":"en-US"},{"@type":"Organization","@id":"https:\/\/instalacanalones.com\/#organization","name":"Instala Canalones","url":"https:\/\/instalacanalones.com\/","logo":{"@type":"ImageObject","inLanguage":"en-US","@id":"https:\/\/instalacanalones.com\/#\/schema\/logo\/image\/","url":"https:\/\/instalacanalones.com\/wp-content\/uploads\/2021\/05\/cropped-logo-web-instala-canalones.jpg","contentUrl":"https:\/\/instalacanalones.com\/wp-content\/uploads\/2021\/05\/cropped-logo-web-instala-canalones.jpg","width":253,"height":202,"caption":"Instala Canalones"},"image":{"@id":"https:\/\/instalacanalones.com\/#\/schema\/logo\/image\/"}}]}},"_links":{"self":[{"href":"https:\/\/instalacanalones.com\/en\/wp-json\/wp\/v2\/product\/658","targetHints":{"allow":["GET"]}}],"collection":[{"href":"https:\/\/instalacanalones.com\/en\/wp-json\/wp\/v2\/product"}],"about":[{"href":"https:\/\/instalacanalones.com\/en\/wp-json\/wp\/v2\/types\/product"}],"replies":[{"embeddable":true,"href":"https:\/\/instalacanalones.com\/en\/wp-json\/wp\/v2\/comments?post=658"}],"wp:featuredmedia":[{"embeddable":true,"href":"https:\/\/instalacanalones.com\/en\/wp-json\/wp\/v2\/media\/667"}],"wp:attachment":[{"href":"https:\/\/instalacanalones.com\/en\/wp-json\/wp\/v2\/media?parent=658"}],"wp:term":[{"taxonomy":"product_cat","embeddable":true,"href":"https:\/\/instalacanalones.com\/en\/wp-json\/wp\/v2\/product_cat?post=658"},{"taxonomy":"product_tag","embeddable":true,"href":"https:\/\/instalacanalones.com\/en\/wp-json\/wp\/v2\/product_tag?post=658"}],"curies":[{"name":"wp","href":"https:\/\/api.w.org\/{rel}","templated":true}]}}