{"id":668,"date":"2021-05-19T16:49:01","date_gmt":"2021-05-19T16:49:01","guid":{"rendered":"https:\/\/instalacanalones.com\/?post_type=product&#038;p=668"},"modified":"2025-04-12T00:24:56","modified_gmt":"2025-04-12T00:24:56","slug":"deposito-de-pared-sunda","status":"publish","type":"product","link":"https:\/\/instalacanalones.com\/en\/producto\/deposito-de-pared-sunda\/","title":{"rendered":"Deposito de Pared Sunda"},"content":{"rendered":"","protected":false},"excerpt":{"rendered":"<h3>Dep\u00f3sito de pared<\/h3>\n<ul>\n<li>Nuevo dise\u00f1o, forma y superficie exterior<\/li>\n<li>Dep\u00f3sito decorativo de agua de lluvia con una apariencia de rat\u00e1n<\/li>\n<li>Disponible en el color contempor\u00e1neo marr\u00f3n<\/li>\n<li>Rosca de \u00be\u201d para la instalaci\u00f3n f\u00e1cil del grifo<\/li>\n<li>El dep\u00f3sito incluye:\u00a0Dispositivo de seguridad contra el viento,\u00a0salida de agua<\/li>\n<\/ul>\n","protected":false},"featured_media":639,"comment_status":"open","ping_status":"closed","template":"","meta":{"_joinchat":[]},"product_cat":[19],"product_tag":[],"class_list":{"0":"post-668","1":"product","2":"type-product","3":"status-publish","4":"has-post-thumbnail","6":"product_cat-depositos-decorativos","8":"first","9":"instock","10":"shipping-taxable","11":"product-type-simple"},"yoast_head":"<!-- This site is optimized with the Yoast SEO plugin v27.5 - https:\/\/yoast.com\/product\/yoast-seo-wordpress\/ -->\n<title>Deposito de Pared Sunda - Instala Canalones<\/title>\n<meta name=\"robots\" content=\"index, follow, max-snippet:-1, max-image-preview:large, max-video-preview:-1\" \/>\n<link rel=\"canonical\" href=\"https:\/\/instalacanalones.com\/en\/producto\/deposito-de-pared-sunda\/\" \/>\n<meta property=\"og:locale\" content=\"en_US\" \/>\n<meta property=\"og:type\" content=\"article\" \/>\n<meta property=\"og:title\" content=\"Deposito de Pared Sunda - Instala Canalones\" \/>\n<meta property=\"og:description\" content=\"Dep\u00f3sito de pared   Nuevo dise\u00f1o, forma y superficie exterior  Dep\u00f3sito decorativo de agua de lluvia con una apariencia de rat\u00e1n  Disponible en el color contempor\u00e1neo marr\u00f3n  Rosca de \u00be\u201d para la instalaci\u00f3n f\u00e1cil del grifo  El dep\u00f3sito incluye:\u00a0Dispositivo de seguridad contra el viento,\u00a0salida de agua\" \/>\n<meta property=\"og:url\" content=\"https:\/\/instalacanalones.com\/en\/producto\/deposito-de-pared-sunda\/\" \/>\n<meta property=\"og:site_name\" content=\"Instala Canalones\" \/>\n<meta property=\"article:modified_time\" content=\"2025-04-12T00:24:56+00:00\" \/>\n<meta property=\"og:image\" content=\"https:\/\/instalacanalones.com\/wp-content\/uploads\/2021\/05\/deposito-de-pared-sunda.png\" \/>\n\t<meta property=\"og:image:width\" content=\"1380\" \/>\n\t<meta property=\"og:image:height\" content=\"720\" \/>\n\t<meta property=\"og:image:type\" content=\"image\/png\" \/>\n<meta name=\"twitter:card\" content=\"summary_large_image\" \/>\n<script type=\"application\/ld+json\" class=\"yoast-schema-graph\">{\"@context\":\"https:\\\/\\\/schema.org\",\"@graph\":[{\"@type\":\"WebPage\",\"@id\":\"https:\\\/\\\/instalacanalones.com\\\/en\\\/producto\\\/deposito-de-pared-sunda\\\/\",\"url\":\"https:\\\/\\\/instalacanalones.com\\\/en\\\/producto\\\/deposito-de-pared-sunda\\\/\",\"name\":\"Deposito de Pared Sunda - Instala Canalones\",\"isPartOf\":{\"@id\":\"https:\\\/\\\/instalacanalones.com\\\/#website\"},\"primaryImageOfPage\":{\"@id\":\"https:\\\/\\\/instalacanalones.com\\\/en\\\/producto\\\/deposito-de-pared-sunda\\\/#primaryimage\"},\"image\":{\"@id\":\"https:\\\/\\\/instalacanalones.com\\\/en\\\/producto\\\/deposito-de-pared-sunda\\\/#primaryimage\"},\"thumbnailUrl\":\"https:\\\/\\\/instalacanalones.com\\\/wp-content\\\/uploads\\\/2021\\\/05\\\/deposito-de-pared-sunda.png\",\"datePublished\":\"2021-05-19T16:49:01+00:00\",\"dateModified\":\"2025-04-12T00:24:56+00:00\",\"breadcrumb\":{\"@id\":\"https:\\\/\\\/instalacanalones.com\\\/en\\\/producto\\\/deposito-de-pared-sunda\\\/#breadcrumb\"},\"inLanguage\":\"en-US\",\"potentialAction\":[{\"@type\":\"ReadAction\",\"target\":[\"https:\\\/\\\/instalacanalones.com\\\/en\\\/producto\\\/deposito-de-pared-sunda\\\/\"]}]},{\"@type\":\"ImageObject\",\"inLanguage\":\"en-US\",\"@id\":\"https:\\\/\\\/instalacanalones.com\\\/en\\\/producto\\\/deposito-de-pared-sunda\\\/#primaryimage\",\"url\":\"https:\\\/\\\/instalacanalones.com\\\/wp-content\\\/uploads\\\/2021\\\/05\\\/deposito-de-pared-sunda.png\",\"contentUrl\":\"https:\\\/\\\/instalacanalones.com\\\/wp-content\\\/uploads\\\/2021\\\/05\\\/deposito-de-pared-sunda.png\",\"width\":1380,\"height\":720},{\"@type\":\"BreadcrumbList\",\"@id\":\"https:\\\/\\\/instalacanalones.com\\\/en\\\/producto\\\/deposito-de-pared-sunda\\\/#breadcrumb\",\"itemListElement\":[{\"@type\":\"ListItem\",\"position\":1,\"name\":\"Portada\",\"item\":\"https:\\\/\\\/instalacanalones.com\\\/en\\\/\"},{\"@type\":\"ListItem\",\"position\":2,\"name\":\"Tienda\",\"item\":\"https:\\\/\\\/instalacanalones.com\\\/es\\\/tienda\\\/\"},{\"@type\":\"ListItem\",\"position\":3,\"name\":\"Deposito de Pared Sunda\"}]},{\"@type\":\"WebSite\",\"@id\":\"https:\\\/\\\/instalacanalones.com\\\/#website\",\"url\":\"https:\\\/\\\/instalacanalones.com\\\/\",\"name\":\"Instala Canalones\",\"description\":\"Canalon de Aluminio continuo sin juntas\",\"publisher\":{\"@id\":\"https:\\\/\\\/instalacanalones.com\\\/#organization\"},\"potentialAction\":[{\"@type\":\"SearchAction\",\"target\":{\"@type\":\"EntryPoint\",\"urlTemplate\":\"https:\\\/\\\/instalacanalones.com\\\/?s={search_term_string}\"},\"query-input\":{\"@type\":\"PropertyValueSpecification\",\"valueRequired\":true,\"valueName\":\"search_term_string\"}}],\"inLanguage\":\"en-US\"},{\"@type\":\"Organization\",\"@id\":\"https:\\\/\\\/instalacanalones.com\\\/#organization\",\"name\":\"Instala Canalones\",\"url\":\"https:\\\/\\\/instalacanalones.com\\\/\",\"logo\":{\"@type\":\"ImageObject\",\"inLanguage\":\"en-US\",\"@id\":\"https:\\\/\\\/instalacanalones.com\\\/#\\\/schema\\\/logo\\\/image\\\/\",\"url\":\"https:\\\/\\\/instalacanalones.com\\\/wp-content\\\/uploads\\\/2021\\\/05\\\/cropped-logo-web-instala-canalones.jpg\",\"contentUrl\":\"https:\\\/\\\/instalacanalones.com\\\/wp-content\\\/uploads\\\/2021\\\/05\\\/cropped-logo-web-instala-canalones.jpg\",\"width\":253,\"height\":202,\"caption\":\"Instala Canalones\"},\"image\":{\"@id\":\"https:\\\/\\\/instalacanalones.com\\\/#\\\/schema\\\/logo\\\/image\\\/\"}}]}<\/script>\n<!-- \/ Yoast SEO plugin. -->","yoast_head_json":{"title":"Deposito de Pared Sunda - Instala Canalones","robots":{"index":"index","follow":"follow","max-snippet":"max-snippet:-1","max-image-preview":"max-image-preview:large","max-video-preview":"max-video-preview:-1"},"canonical":"https:\/\/instalacanalones.com\/en\/producto\/deposito-de-pared-sunda\/","og_locale":"en_US","og_type":"article","og_title":"Deposito de Pared Sunda - Instala Canalones","og_description":"Dep\u00f3sito de pared   Nuevo dise\u00f1o, forma y superficie exterior  Dep\u00f3sito decorativo de agua de lluvia con una apariencia de rat\u00e1n  Disponible en el color contempor\u00e1neo marr\u00f3n  Rosca de \u00be\u201d para la instalaci\u00f3n f\u00e1cil del grifo  El dep\u00f3sito incluye:\u00a0Dispositivo de seguridad contra el viento,\u00a0salida de agua","og_url":"https:\/\/instalacanalones.com\/en\/producto\/deposito-de-pared-sunda\/","og_site_name":"Instala Canalones","article_modified_time":"2025-04-12T00:24:56+00:00","og_image":[{"width":1380,"height":720,"url":"https:\/\/instalacanalones.com\/wp-content\/uploads\/2021\/05\/deposito-de-pared-sunda.png","type":"image\/png"}],"twitter_card":"summary_large_image","schema":{"@context":"https:\/\/schema.org","@graph":[{"@type":"WebPage","@id":"https:\/\/instalacanalones.com\/en\/producto\/deposito-de-pared-sunda\/","url":"https:\/\/instalacanalones.com\/en\/producto\/deposito-de-pared-sunda\/","name":"Deposito de Pared Sunda - Instala Canalones","isPartOf":{"@id":"https:\/\/instalacanalones.com\/#website"},"primaryImageOfPage":{"@id":"https:\/\/instalacanalones.com\/en\/producto\/deposito-de-pared-sunda\/#primaryimage"},"image":{"@id":"https:\/\/instalacanalones.com\/en\/producto\/deposito-de-pared-sunda\/#primaryimage"},"thumbnailUrl":"https:\/\/instalacanalones.com\/wp-content\/uploads\/2021\/05\/deposito-de-pared-sunda.png","datePublished":"2021-05-19T16:49:01+00:00","dateModified":"2025-04-12T00:24:56+00:00","breadcrumb":{"@id":"https:\/\/instalacanalones.com\/en\/producto\/deposito-de-pared-sunda\/#breadcrumb"},"inLanguage":"en-US","potentialAction":[{"@type":"ReadAction","target":["https:\/\/instalacanalones.com\/en\/producto\/deposito-de-pared-sunda\/"]}]},{"@type":"ImageObject","inLanguage":"en-US","@id":"https:\/\/instalacanalones.com\/en\/producto\/deposito-de-pared-sunda\/#primaryimage","url":"https:\/\/instalacanalones.com\/wp-content\/uploads\/2021\/05\/deposito-de-pared-sunda.png","contentUrl":"https:\/\/instalacanalones.com\/wp-content\/uploads\/2021\/05\/deposito-de-pared-sunda.png","width":1380,"height":720},{"@type":"BreadcrumbList","@id":"https:\/\/instalacanalones.com\/en\/producto\/deposito-de-pared-sunda\/#breadcrumb","itemListElement":[{"@type":"ListItem","position":1,"name":"Portada","item":"https:\/\/instalacanalones.com\/en\/"},{"@type":"ListItem","position":2,"name":"Tienda","item":"https:\/\/instalacanalones.com\/es\/tienda\/"},{"@type":"ListItem","position":3,"name":"Deposito de Pared Sunda"}]},{"@type":"WebSite","@id":"https:\/\/instalacanalones.com\/#website","url":"https:\/\/instalacanalones.com\/","name":"Instala Canalones","description":"Canalon de Aluminio continuo sin juntas","publisher":{"@id":"https:\/\/instalacanalones.com\/#organization"},"potentialAction":[{"@type":"SearchAction","target":{"@type":"EntryPoint","urlTemplate":"https:\/\/instalacanalones.com\/?s={search_term_string}"},"query-input":{"@type":"PropertyValueSpecification","valueRequired":true,"valueName":"search_term_string"}}],"inLanguage":"en-US"},{"@type":"Organization","@id":"https:\/\/instalacanalones.com\/#organization","name":"Instala Canalones","url":"https:\/\/instalacanalones.com\/","logo":{"@type":"ImageObject","inLanguage":"en-US","@id":"https:\/\/instalacanalones.com\/#\/schema\/logo\/image\/","url":"https:\/\/instalacanalones.com\/wp-content\/uploads\/2021\/05\/cropped-logo-web-instala-canalones.jpg","contentUrl":"https:\/\/instalacanalones.com\/wp-content\/uploads\/2021\/05\/cropped-logo-web-instala-canalones.jpg","width":253,"height":202,"caption":"Instala Canalones"},"image":{"@id":"https:\/\/instalacanalones.com\/#\/schema\/logo\/image\/"}}]}},"_links":{"self":[{"href":"https:\/\/instalacanalones.com\/en\/wp-json\/wp\/v2\/product\/668","targetHints":{"allow":["GET"]}}],"collection":[{"href":"https:\/\/instalacanalones.com\/en\/wp-json\/wp\/v2\/product"}],"about":[{"href":"https:\/\/instalacanalones.com\/en\/wp-json\/wp\/v2\/types\/product"}],"replies":[{"embeddable":true,"href":"https:\/\/instalacanalones.com\/en\/wp-json\/wp\/v2\/comments?post=668"}],"wp:featuredmedia":[{"embeddable":true,"href":"https:\/\/instalacanalones.com\/en\/wp-json\/wp\/v2\/media\/639"}],"wp:attachment":[{"href":"https:\/\/instalacanalones.com\/en\/wp-json\/wp\/v2\/media?parent=668"}],"wp:term":[{"taxonomy":"product_cat","embeddable":true,"href":"https:\/\/instalacanalones.com\/en\/wp-json\/wp\/v2\/product_cat?post=668"},{"taxonomy":"product_tag","embeddable":true,"href":"https:\/\/instalacanalones.com\/en\/wp-json\/wp\/v2\/product_tag?post=668"}],"curies":[{"name":"wp","href":"https:\/\/api.w.org\/{rel}","templated":true}]}}