{"id":718,"date":"2021-05-21T15:46:13","date_gmt":"2021-05-21T15:46:13","guid":{"rendered":"https:\/\/instalacanalones.com\/?post_type=product&#038;p=718"},"modified":"2021-05-21T15:46:51","modified_gmt":"2021-05-21T15:46:51","slug":"deposito-rocky-de-pared-arena","status":"publish","type":"product","link":"https:\/\/instalacanalones.com\/en\/producto\/deposito-rocky-de-pared-arena\/","title":{"rendered":"Dep\u00f3sito Rocky de pared Arena"},"content":{"rendered":"","protected":false},"excerpt":{"rendered":"<ul>\n<li>Dep\u00f3sito recuperador de lluvia decorativo en imitaci\u00f3n de piedra aut\u00e9ntica<\/li>\n<li>\u00a0Aspecto de piedra natural<\/li>\n<li>\u00a0Superficie mate de alta calidad<\/li>\n<li>\u00a0Cada dep\u00f3sito es \u00fanico<\/li>\n<li>\u00a0Dise\u00f1o y superficie excepcionales<\/li>\n<li>\u00a0Abertura en la parte inferior para el vaciado del dep\u00f3sito antes del periodo de heladas<\/li>\n<li>\u00a0La extracci\u00f3n de agua es sencilla mediante grifo o juego de mangueras universal (accesorio)<\/li>\n<li>\u00a0El dep\u00f3sito incluye: salida de agua \u00be\u201d, fijaci\u00f3n de seguridad contra el viento<\/li>\n<\/ul>\n","protected":false},"featured_media":719,"comment_status":"open","ping_status":"closed","template":"","meta":{"_joinchat":[]},"product_cat":[19],"product_tag":[],"class_list":{"0":"post-718","1":"product","2":"type-product","3":"status-publish","4":"has-post-thumbnail","6":"product_cat-depositos-decorativos","8":"first","9":"instock","10":"shipping-taxable","11":"product-type-simple"},"yoast_head":"<!-- This site is optimized with the Yoast SEO plugin v27.5 - https:\/\/yoast.com\/product\/yoast-seo-wordpress\/ -->\n<title>Dep\u00f3sito Rocky de pared Arena - Instala Canalones<\/title>\n<meta name=\"robots\" content=\"index, follow, max-snippet:-1, max-image-preview:large, max-video-preview:-1\" \/>\n<link rel=\"canonical\" href=\"https:\/\/instalacanalones.com\/en\/producto\/deposito-rocky-de-pared-arena\/\" \/>\n<meta property=\"og:locale\" content=\"en_US\" \/>\n<meta property=\"og:type\" content=\"article\" \/>\n<meta property=\"og:title\" content=\"Dep\u00f3sito Rocky de pared Arena - Instala Canalones\" \/>\n<meta property=\"og:description\" content=\"Dep\u00f3sito recuperador de lluvia decorativo en imitaci\u00f3n de piedra aut\u00e9ntica  \u00a0Aspecto de piedra natural  \u00a0Superficie mate de alta calidad  \u00a0Cada dep\u00f3sito es \u00fanico  \u00a0Dise\u00f1o y superficie excepcionales  \u00a0Abertura en la parte inferior para el vaciado del dep\u00f3sito antes del periodo de heladas  \u00a0La extracci\u00f3n de agua es sencilla mediante grifo o juego de mangueras universal (accesorio)  \u00a0El dep\u00f3sito incluye: salida de agua \u00be\u201d, fijaci\u00f3n de seguridad contra el viento\" \/>\n<meta property=\"og:url\" content=\"https:\/\/instalacanalones.com\/en\/producto\/deposito-rocky-de-pared-arena\/\" \/>\n<meta property=\"og:site_name\" content=\"Instala Canalones\" \/>\n<meta property=\"article:modified_time\" content=\"2021-05-21T15:46:51+00:00\" \/>\n<meta property=\"og:image\" content=\"https:\/\/instalacanalones.com\/wp-content\/uploads\/2021\/05\/deposito-pared-rocky-arena.jpg\" \/>\n\t<meta property=\"og:image:width\" content=\"992\" \/>\n\t<meta property=\"og:image:height\" content=\"879\" \/>\n\t<meta property=\"og:image:type\" content=\"image\/jpeg\" \/>\n<meta name=\"twitter:card\" content=\"summary_large_image\" \/>\n<script type=\"application\/ld+json\" class=\"yoast-schema-graph\">{\"@context\":\"https:\\\/\\\/schema.org\",\"@graph\":[{\"@type\":\"WebPage\",\"@id\":\"https:\\\/\\\/instalacanalones.com\\\/en\\\/producto\\\/deposito-rocky-de-pared-arena\\\/\",\"url\":\"https:\\\/\\\/instalacanalones.com\\\/en\\\/producto\\\/deposito-rocky-de-pared-arena\\\/\",\"name\":\"Dep\u00f3sito Rocky de pared Arena - Instala Canalones\",\"isPartOf\":{\"@id\":\"https:\\\/\\\/instalacanalones.com\\\/#website\"},\"primaryImageOfPage\":{\"@id\":\"https:\\\/\\\/instalacanalones.com\\\/en\\\/producto\\\/deposito-rocky-de-pared-arena\\\/#primaryimage\"},\"image\":{\"@id\":\"https:\\\/\\\/instalacanalones.com\\\/en\\\/producto\\\/deposito-rocky-de-pared-arena\\\/#primaryimage\"},\"thumbnailUrl\":\"https:\\\/\\\/instalacanalones.com\\\/wp-content\\\/uploads\\\/2021\\\/05\\\/deposito-pared-rocky-arena.jpg\",\"datePublished\":\"2021-05-21T15:46:13+00:00\",\"dateModified\":\"2021-05-21T15:46:51+00:00\",\"breadcrumb\":{\"@id\":\"https:\\\/\\\/instalacanalones.com\\\/en\\\/producto\\\/deposito-rocky-de-pared-arena\\\/#breadcrumb\"},\"inLanguage\":\"en-US\",\"potentialAction\":[{\"@type\":\"ReadAction\",\"target\":[\"https:\\\/\\\/instalacanalones.com\\\/en\\\/producto\\\/deposito-rocky-de-pared-arena\\\/\"]}]},{\"@type\":\"ImageObject\",\"inLanguage\":\"en-US\",\"@id\":\"https:\\\/\\\/instalacanalones.com\\\/en\\\/producto\\\/deposito-rocky-de-pared-arena\\\/#primaryimage\",\"url\":\"https:\\\/\\\/instalacanalones.com\\\/wp-content\\\/uploads\\\/2021\\\/05\\\/deposito-pared-rocky-arena.jpg\",\"contentUrl\":\"https:\\\/\\\/instalacanalones.com\\\/wp-content\\\/uploads\\\/2021\\\/05\\\/deposito-pared-rocky-arena.jpg\",\"width\":992,\"height\":879},{\"@type\":\"BreadcrumbList\",\"@id\":\"https:\\\/\\\/instalacanalones.com\\\/en\\\/producto\\\/deposito-rocky-de-pared-arena\\\/#breadcrumb\",\"itemListElement\":[{\"@type\":\"ListItem\",\"position\":1,\"name\":\"Portada\",\"item\":\"https:\\\/\\\/instalacanalones.com\\\/en\\\/\"},{\"@type\":\"ListItem\",\"position\":2,\"name\":\"Tienda\",\"item\":\"https:\\\/\\\/instalacanalones.com\\\/es\\\/tienda\\\/\"},{\"@type\":\"ListItem\",\"position\":3,\"name\":\"Dep\u00f3sito Rocky de pared Arena\"}]},{\"@type\":\"WebSite\",\"@id\":\"https:\\\/\\\/instalacanalones.com\\\/#website\",\"url\":\"https:\\\/\\\/instalacanalones.com\\\/\",\"name\":\"Instala Canalones\",\"description\":\"Canalon de Aluminio continuo sin juntas\",\"publisher\":{\"@id\":\"https:\\\/\\\/instalacanalones.com\\\/#organization\"},\"potentialAction\":[{\"@type\":\"SearchAction\",\"target\":{\"@type\":\"EntryPoint\",\"urlTemplate\":\"https:\\\/\\\/instalacanalones.com\\\/?s={search_term_string}\"},\"query-input\":{\"@type\":\"PropertyValueSpecification\",\"valueRequired\":true,\"valueName\":\"search_term_string\"}}],\"inLanguage\":\"en-US\"},{\"@type\":\"Organization\",\"@id\":\"https:\\\/\\\/instalacanalones.com\\\/#organization\",\"name\":\"Instala Canalones\",\"url\":\"https:\\\/\\\/instalacanalones.com\\\/\",\"logo\":{\"@type\":\"ImageObject\",\"inLanguage\":\"en-US\",\"@id\":\"https:\\\/\\\/instalacanalones.com\\\/#\\\/schema\\\/logo\\\/image\\\/\",\"url\":\"https:\\\/\\\/instalacanalones.com\\\/wp-content\\\/uploads\\\/2021\\\/05\\\/cropped-logo-web-instala-canalones.jpg\",\"contentUrl\":\"https:\\\/\\\/instalacanalones.com\\\/wp-content\\\/uploads\\\/2021\\\/05\\\/cropped-logo-web-instala-canalones.jpg\",\"width\":253,\"height\":202,\"caption\":\"Instala Canalones\"},\"image\":{\"@id\":\"https:\\\/\\\/instalacanalones.com\\\/#\\\/schema\\\/logo\\\/image\\\/\"}}]}<\/script>\n<!-- \/ Yoast SEO plugin. -->","yoast_head_json":{"title":"Dep\u00f3sito Rocky de pared Arena - Instala Canalones","robots":{"index":"index","follow":"follow","max-snippet":"max-snippet:-1","max-image-preview":"max-image-preview:large","max-video-preview":"max-video-preview:-1"},"canonical":"https:\/\/instalacanalones.com\/en\/producto\/deposito-rocky-de-pared-arena\/","og_locale":"en_US","og_type":"article","og_title":"Dep\u00f3sito Rocky de pared Arena - Instala Canalones","og_description":"Dep\u00f3sito recuperador de lluvia decorativo en imitaci\u00f3n de piedra aut\u00e9ntica  \u00a0Aspecto de piedra natural  \u00a0Superficie mate de alta calidad  \u00a0Cada dep\u00f3sito es \u00fanico  \u00a0Dise\u00f1o y superficie excepcionales  \u00a0Abertura en la parte inferior para el vaciado del dep\u00f3sito antes del periodo de heladas  \u00a0La extracci\u00f3n de agua es sencilla mediante grifo o juego de mangueras universal (accesorio)  \u00a0El dep\u00f3sito incluye: salida de agua \u00be\u201d, fijaci\u00f3n de seguridad contra el viento","og_url":"https:\/\/instalacanalones.com\/en\/producto\/deposito-rocky-de-pared-arena\/","og_site_name":"Instala Canalones","article_modified_time":"2021-05-21T15:46:51+00:00","og_image":[{"width":992,"height":879,"url":"https:\/\/instalacanalones.com\/wp-content\/uploads\/2021\/05\/deposito-pared-rocky-arena.jpg","type":"image\/jpeg"}],"twitter_card":"summary_large_image","schema":{"@context":"https:\/\/schema.org","@graph":[{"@type":"WebPage","@id":"https:\/\/instalacanalones.com\/en\/producto\/deposito-rocky-de-pared-arena\/","url":"https:\/\/instalacanalones.com\/en\/producto\/deposito-rocky-de-pared-arena\/","name":"Dep\u00f3sito Rocky de pared Arena - Instala Canalones","isPartOf":{"@id":"https:\/\/instalacanalones.com\/#website"},"primaryImageOfPage":{"@id":"https:\/\/instalacanalones.com\/en\/producto\/deposito-rocky-de-pared-arena\/#primaryimage"},"image":{"@id":"https:\/\/instalacanalones.com\/en\/producto\/deposito-rocky-de-pared-arena\/#primaryimage"},"thumbnailUrl":"https:\/\/instalacanalones.com\/wp-content\/uploads\/2021\/05\/deposito-pared-rocky-arena.jpg","datePublished":"2021-05-21T15:46:13+00:00","dateModified":"2021-05-21T15:46:51+00:00","breadcrumb":{"@id":"https:\/\/instalacanalones.com\/en\/producto\/deposito-rocky-de-pared-arena\/#breadcrumb"},"inLanguage":"en-US","potentialAction":[{"@type":"ReadAction","target":["https:\/\/instalacanalones.com\/en\/producto\/deposito-rocky-de-pared-arena\/"]}]},{"@type":"ImageObject","inLanguage":"en-US","@id":"https:\/\/instalacanalones.com\/en\/producto\/deposito-rocky-de-pared-arena\/#primaryimage","url":"https:\/\/instalacanalones.com\/wp-content\/uploads\/2021\/05\/deposito-pared-rocky-arena.jpg","contentUrl":"https:\/\/instalacanalones.com\/wp-content\/uploads\/2021\/05\/deposito-pared-rocky-arena.jpg","width":992,"height":879},{"@type":"BreadcrumbList","@id":"https:\/\/instalacanalones.com\/en\/producto\/deposito-rocky-de-pared-arena\/#breadcrumb","itemListElement":[{"@type":"ListItem","position":1,"name":"Portada","item":"https:\/\/instalacanalones.com\/en\/"},{"@type":"ListItem","position":2,"name":"Tienda","item":"https:\/\/instalacanalones.com\/es\/tienda\/"},{"@type":"ListItem","position":3,"name":"Dep\u00f3sito Rocky de pared Arena"}]},{"@type":"WebSite","@id":"https:\/\/instalacanalones.com\/#website","url":"https:\/\/instalacanalones.com\/","name":"Instala Canalones","description":"Canalon de Aluminio continuo sin juntas","publisher":{"@id":"https:\/\/instalacanalones.com\/#organization"},"potentialAction":[{"@type":"SearchAction","target":{"@type":"EntryPoint","urlTemplate":"https:\/\/instalacanalones.com\/?s={search_term_string}"},"query-input":{"@type":"PropertyValueSpecification","valueRequired":true,"valueName":"search_term_string"}}],"inLanguage":"en-US"},{"@type":"Organization","@id":"https:\/\/instalacanalones.com\/#organization","name":"Instala Canalones","url":"https:\/\/instalacanalones.com\/","logo":{"@type":"ImageObject","inLanguage":"en-US","@id":"https:\/\/instalacanalones.com\/#\/schema\/logo\/image\/","url":"https:\/\/instalacanalones.com\/wp-content\/uploads\/2021\/05\/cropped-logo-web-instala-canalones.jpg","contentUrl":"https:\/\/instalacanalones.com\/wp-content\/uploads\/2021\/05\/cropped-logo-web-instala-canalones.jpg","width":253,"height":202,"caption":"Instala Canalones"},"image":{"@id":"https:\/\/instalacanalones.com\/#\/schema\/logo\/image\/"}}]}},"_links":{"self":[{"href":"https:\/\/instalacanalones.com\/en\/wp-json\/wp\/v2\/product\/718","targetHints":{"allow":["GET"]}}],"collection":[{"href":"https:\/\/instalacanalones.com\/en\/wp-json\/wp\/v2\/product"}],"about":[{"href":"https:\/\/instalacanalones.com\/en\/wp-json\/wp\/v2\/types\/product"}],"replies":[{"embeddable":true,"href":"https:\/\/instalacanalones.com\/en\/wp-json\/wp\/v2\/comments?post=718"}],"wp:featuredmedia":[{"embeddable":true,"href":"https:\/\/instalacanalones.com\/en\/wp-json\/wp\/v2\/media\/719"}],"wp:attachment":[{"href":"https:\/\/instalacanalones.com\/en\/wp-json\/wp\/v2\/media?parent=718"}],"wp:term":[{"taxonomy":"product_cat","embeddable":true,"href":"https:\/\/instalacanalones.com\/en\/wp-json\/wp\/v2\/product_cat?post=718"},{"taxonomy":"product_tag","embeddable":true,"href":"https:\/\/instalacanalones.com\/en\/wp-json\/wp\/v2\/product_tag?post=718"}],"curies":[{"name":"wp","href":"https:\/\/api.w.org\/{rel}","templated":true}]}}